{"id":103051,"date":"2023-02-11T12:56:36","date_gmt":"2023-02-11T12:56:36","guid":{"rendered":"https:\/\/amorezabysks.com\/politica-de-devoluciones-y-reembolsos\/"},"modified":"2023-08-24T20:09:29","modified_gmt":"2023-08-24T20:09:29","slug":"politica-de-devoluciones-y-reembolsos","status":"publish","type":"page","link":"https:\/\/amorezabysks.com\/es\/politica-de-devoluciones-y-reembolsos\/","title":{"rendered":"Pol\u00edtica de devoluciones y reembolsos"},"content":{"rendered":"<body>\t\t<div data-elementor-type=\"wp-page\" data-elementor-id=\"103051\" class=\"elementor elementor-103051\">\n\t\t\t\t\t\t<section class=\"elementor-section elementor-top-section elementor-element elementor-element-d46a15e elementor-section-boxed elementor-section-height-default elementor-section-height-default\" data-id=\"d46a15e\" data-element_type=\"section\">\n\t\t\t\t\t\t<div class=\"elementor-container elementor-column-gap-no\">\n\t\t\t\t\t<div class=\"elementor-column elementor-col-100 elementor-top-column elementor-element elementor-element-ae89e01\" data-id=\"ae89e01\" data-element_type=\"column\">\n\t\t\t<div class=\"elementor-widget-wrap elementor-element-populated\">\n\t\t\t\t\t\t<div class=\"elementor-element elementor-element-dff53f4 elementor-widget elementor-widget-heading\" data-id=\"dff53f4\" data-element_type=\"widget\" data-widget_type=\"heading.default\">\n\t\t\t\t<div class=\"elementor-widget-container\">\n\t\t\t\t\t<h2 class=\"elementor-heading-title elementor-size-default\">Env\u00edos y devoluciones<\/h2>\t\t\t\t<\/div>\n\t\t\t\t<\/div>\n\t\t\t\t\t<\/div>\n\t\t<\/div>\n\t\t\t\t\t<\/div>\n\t\t<\/section>\n\t\t\t\t<section class=\"elementor-section elementor-top-section elementor-element elementor-element-37953fa elementor-section-boxed elementor-section-height-default elementor-section-height-default\" data-id=\"37953fa\" data-element_type=\"section\">\n\t\t\t\t\t\t<div class=\"elementor-container elementor-column-gap-default\">\n\t\t\t\t\t<div class=\"elementor-column elementor-col-100 elementor-top-column elementor-element elementor-element-4666509\" data-id=\"4666509\" data-element_type=\"column\">\n\t\t\t<div class=\"elementor-widget-wrap elementor-element-populated\">\n\t\t\t\t\t\t<div class=\"elementor-element elementor-element-7a6c881 elementor-widget elementor-widget-image\" data-id=\"7a6c881\" data-element_type=\"widget\" data-widget_type=\"image.default\">\n\t\t\t\t<div class=\"elementor-widget-container\">\n\t\t\t\t\t\t\t\t\t\t\t\t\t\t\t<img loading=\"lazy\" decoding=\"async\" width=\"420\" height=\"180\" src=\"https:\/\/amorezabysks.com\/wp-content\/uploads\/2023\/04\/happy-valentines-day-background-2.svg\" class=\"attachment-large size-large wp-image-101225\" alt=\"\" loading=\"lazy\">\t\t\t\t\t\t\t\t\t\t\t\t\t\t\t<\/div>\n\t\t\t\t<\/div>\n\t\t\t\t\t<\/div>\n\t\t<\/div>\n\t\t\t\t\t<\/div>\n\t\t<\/section>\n\t\t\t\t<section class=\"elementor-section elementor-top-section elementor-element elementor-element-10b106d0 elementor-section-boxed elementor-section-height-default elementor-section-height-default\" data-id=\"10b106d0\" data-element_type=\"section\">\n\t\t\t\t\t\t<div class=\"elementor-container elementor-column-gap-default\">\n\t\t\t\t\t<div class=\"elementor-column elementor-col-100 elementor-top-column elementor-element elementor-element-6ba3cc04\" data-id=\"6ba3cc04\" data-element_type=\"column\">\n\t\t\t<div class=\"elementor-widget-wrap elementor-element-populated\">\n\t\t\t\t\t\t<div class=\"elementor-element elementor-element-5e73109a elementor-widget elementor-widget-text-editor\" data-id=\"5e73109a\" data-element_type=\"widget\" data-widget_type=\"text-editor.default\">\n\t\t\t\t<div class=\"elementor-widget-container\">\n\t\t\t\t\t\t\t\t\t<p style=\"margin:0in;font-size:15px;font-family:\" times new roman>Esta Pol\u00edtica de devoluciones y reembolsos se aplica a todas las compras que realice en Amoreza by SKS y en nuestro sitio web\u00a0<a href=\"http:\/\/www.amorezabysks.com\">www.amorezabysks.com<\/a> (nuestro \u201csitio web\u201d) operado por Amoreza by SKS de 7901 4th St. N STE 8014, St. Petersburg, FL 33702 (\u201cAmoreza by SKS\u201d, \u201cnosotros\u201d, \u201cnos\u201d o \u201cnuestro\u201d).<\/p>\n<p style=\"margin:0in;font-size:15px;font-family:\" times new roman>\u00a0<\/p>\n<p style=\"margin:0in;font-size:15px;font-family:\" times new roman>Al realizar un pedido de cualquiera de nuestros productos, usted declara que ha le\u00eddo esta pol\u00edtica y que est\u00e1 de acuerdo y acepta plenamente sus t\u00e9rminos. Si no est\u00e1 de acuerdo o no acepta plenamente las condiciones de esta pol\u00edtica, no nos haga ning\u00fan pedido.<\/p>\n<p style=\"margin:0in;font-size:15px;font-family:\" times new roman>\u00a0<\/p>\n<p style=\"margin:0in;font-size:15px;font-family:\" times new roman>Si tiene alguna pregunta sobre esta pol\u00edtica, p\u00f3ngase en contacto con nosotros a trav\u00e9s de nuestro<a href=\"https:\/\/amorezabysks.com\/es\/pongase-en-contacto-con\/\">formulario de contacto<\/a>\u00a0<a href=\"https:\/\/amorezabysks.com\/es\/pongase-en-contacto-con\/\"> o env\u00edenos un correo electr\u00f3nico a\u00a0<\/a><a href=\"mailto:amorezabysks@gmail.com\">amorezabysks@gmail.com.<\/a>\u00a0<\/p>\n<p style=\"margin:0in;font-size:15px;font-family:\" times new roman>\u00a0<\/p>\n<p style=\"margin:0in;font-size:15px;font-family:\" times new roman><strong>Acerca de las devoluciones<\/strong><\/p>\n<p style=\"margin:0in;font-size:15px;font-family:\" times new roman>Antes de solicitar o tramitar una devoluci\u00f3n, lea atentamente la siguiente informaci\u00f3n.<\/p>\n<p style=\"margin:0in;font-size:15px;font-family:\" times new roman>\u00a0<\/p>\n<p style=\"margin:0in;font-size:15px;font-family:\" times new roman>Puede devolver los productos que haya comprado por cualquier motivo en un plazo de 14 d\u00edas laborables a partir de la fecha de entrega. Para ello, debe notific\u00e1rnoslo por escrito por correo electr\u00f3nico o postal en los cinco d\u00edas laborables siguientes a la entrega. Si devuelve un producto por cualquier motivo que no sean productos da\u00f1ados, deber\u00e1 abonarnos los gastos de devoluci\u00f3n del producto o productos.\u00a0<\/p>\n<p style=\"margin:0in;font-size:15px;font-family:\" times new roman>\u00a0<\/p>\n<p style=\"margin:0in;font-size:15px;font-family:\" times new roman><strong>Cu\u00e1ndo no aceptamos devoluciones<\/strong><\/p>\n<p style=\"margin:0in;font-size:15px;font-family:\" times new roman>No aceptamos devoluciones si el producto(s):<\/p>\n<p style=\"margin:0in;font-size:15px;font-family:\" times new roman>\u00a0<\/p>\n<ul style=\"list-style-type: disc;margin-left:0in;\">\n    <li>se ha abierto,\u00a0<\/li>\n    <li>se han eliminado,<\/li>\n    <li>da\u00f1ado,\u00a0<\/li>\n    <li>alterado o\u00a0<\/li>\n    <li>adaptado o tratado como de su propiedad.\u00a0<\/li>\n<\/ul>\n<p style=\"margin:0in;font-size:15px;font-family:\" times new roman>\u00a0<\/p>\n<p style=\"margin:0in;font-size:15px;font-family:\" times new roman>Mientras est\u00e9 en su posesi\u00f3n, debe conservar el producto o productos que desea devolvernos sin abrir y en buen estado. Los productos deben devolverse en el mismo estado en que se entregaron.<\/p>\n<p style=\"margin:0in;font-size:15px;font-family:\" times new roman>\u00a0<\/p>\n<p style=\"margin:0in;font-size:15px;font-family:\" times new roman><strong>\u00bfPuedo cambiar mis productos?<\/strong><\/p>\n<p style=\"margin:0in;font-size:15px;font-family:\" times new roman>Ahora mismo no tenemos servicio de intercambio. Si desea el art\u00edculo en otro color o talla, lo mejor es hacer un nuevo pedido. Cualquier art\u00edculo puede devolverse siguiendo nuestro proceso de devoluciones.<\/p>\n<p style=\"margin:0in;font-size:15px;font-family:\" times new roman>\u00a0<\/p>\n<p style=\"margin:0in;font-size:15px;font-family:\" times new roman><strong>C\u00f3mo volver<\/strong><\/p>\n<p style=\"margin:0in;font-size:15px;font-family:\" times new roman>Aseg\u00farese de que los productos devueltos est\u00e9n bien embalados para evitar da\u00f1os o p\u00e9rdidas de piezas durante el transporte. Los reembolsos pueden reducirse en el caso de productos devueltos que ya no puedan venderse como nuevos porque hayan sido abiertos, est\u00e9n da\u00f1ados o muestren signos de desgaste.\u00a0<\/p>\n<p style=\"margin:0in;font-size:15px;font-family:\" times new roman>\u00a0<\/p>\n<p style=\"margin:0in;font-size:15px;font-family:\" times new roman>Para los productos devueltos, es aconsejable utilizar un servicio de env\u00edo con seguimiento o contratar un seguro de env\u00edo. No podemos garantizar que recibamos el producto devuelto.<\/p>\n<p style=\"margin:0in;font-size:15px;font-family:\" times new roman>\u00a0<\/p>\n<p style=\"margin:0in;font-size:15px;font-family:\" times new roman><strong>Pol\u00edtica de devoluciones<\/strong><\/p>\n<p style=\"margin:0in;font-size:15px;font-family:\" times new roman>Para recibir un reembolso completo, el producto debe ser:<\/p>\n<p style=\"margin:0in;font-size:15px;font-family:\" times new roman>\u00a0<\/p>\n<ul style=\"list-style-type: disc;margin-left:0in;\">\n    <li>en su embalaje original,<\/li>\n    <li>estar en condiciones de reventa,<\/li>\n    <li>estar completo y tal como se compr\u00f3,<\/li>\n    <li>acompa\u00f1ado de un justificante de compra v\u00e1lido, y<\/li>\n    <li>ser devuelto a nosotros dentro de los 14 d\u00edas h\u00e1biles siguientes a la compra.<\/li>\n<\/ul>\n<p style=\"margin:0in;font-size:15px;font-family:\" times new roman>\u00a0<\/p>\n<p style=\"margin:0in;font-size:15px;font-family:\" times new roman><strong>\u00a0<\/strong><\/p>\n<p style=\"margin:0in;font-size:15px;font-family:\" times new roman><strong>Reembolsos<\/strong><\/p>\n<p style=\"margin:0in;font-size:15px;font-family:\" times new roman>Los reembolsos se tramitar\u00e1n en un plazo de 14 d\u00edas. En caso de cambio de divisa, el reembolso se efectuar\u00e1 en la moneda en la que haya pagado el pedido. Amoreza by SKS no se hace responsable de las p\u00e9rdidas o ganancias derivadas de las variaciones de los tipos de cambio entre el momento del pedido y el del reembolso.<\/p>\n<p style=\"margin:0in;font-size:15px;font-family:\" times new roman>\u00a0<\/p>\n<p style=\"margin:0in;font-size:15px;font-family:\" times new roman><strong>Reembolsos atrasados o no efectuados<\/strong><\/p>\n<p style=\"margin:0in;font-size:15px;font-family:\" times new roman>Si no ha recibido el reembolso en un plazo de 14 d\u00edas a partir de la fecha en que le hayamos notificado que se ha efectuado el reembolso, vuelva a comprobar su cuenta bancaria y p\u00f3ngase en contacto con su banco o con la entidad emisora de su tarjeta de cr\u00e9dito. Si ha hecho todo esto y a\u00fan no ha recibido el reembolso, p\u00f3ngase en contacto con nosotros.<\/p>\n<p style=\"margin:0in;font-size:15px;font-family:\" times new roman>\u00a0<\/p>\n<p style=\"margin:0in;font-size:15px;font-family:\" times new roman><strong>Cambios\u00a0<\/strong><\/p>\n<p style=\"margin:0in;font-size:15px;font-family:\" times new roman>Podemos actualizar esta pol\u00edtica de vez en cuando. Vis\u00edtenos regularmente para estar al tanto de la \u00faltima versi\u00f3n.<\/p>\n<p style=\"margin:0in;font-size:15px;font-family:\" times new roman>\u00a0<\/p>\n<p style=\"margin:0in;font-size:15px;font-family:\" times new roman><strong>\u00bfCon qui\u00e9n puedo ponerme en contacto para obtener m\u00e1s informaci\u00f3n?<\/strong><\/p>\n<p style=\"margin-top:0in;margin-right:0in;margin-bottom:8.0pt;margin-left:0in;line-height:107%;font-size:15px;font-family:\" times new roman>Si desea ponerse en contacto con nosotros en relaci\u00f3n con nuestras pr\u00e1cticas de devoluci\u00f3n y reembolso por cualquier motivo, h\u00e1galo utilizando los datos facilitados anteriormente.<\/p>\n<p style=\"margin:0in;font-size:15px;font-family:\" times new roman><strong>Fecha de entrada en vigor<\/strong><\/p>\n<p style=\"margin-top:0in;margin-right:0in;margin-bottom:8.0pt;margin-left:0in;line-height:107%;font-size:15px;font-family:\" times new roman>Domingo, 23 de abril de 2023<\/p>\t\t\t\t\t\t\t\t<\/div>\n\t\t\t\t<\/div>\n\t\t\t\t\t<\/div>\n\t\t<\/div>\n\t\t\t\t\t<\/div>\n\t\t<\/section>\n\t\t\t\t<\/div>\n\t\t<\/body>","protected":false},"excerpt":{"rendered":"<p>Env\u00edos y devoluciones Esta Pol\u00edtica de devoluciones y reembolsos se aplica a todas las compras que realice en Amoreza by SKS y en nuestro sitio web\u00a0www.amorezabysks.com (nuestro &#8220;sitio web&#8221;) operado [&hellip;]<\/p>\n","protected":false},"author":1,"featured_media":0,"parent":0,"menu_order":0,"comment_status":"closed","ping_status":"closed","template":"","meta":{"nf_dc_page":"","om_disable_all_campaigns":false,"_monsterinsights_skip_tracking":false,"_monsterinsights_sitenote_active":false,"_monsterinsights_sitenote_note":"","_monsterinsights_sitenote_category":0,"_uf_show_specific_survey":0,"_uf_disable_surveys":false,"footnotes":""},"class_list":["post-103051","page","type-page","status-publish","hentry"],"yoast_head":"<!-- This site is optimized with the Yoast SEO Premium plugin v21.1 (Yoast SEO v27.3) - https:\/\/yoast.com\/product\/yoast-seo-premium-wordpress\/ -->\n<title>Pol\u00edtica de devoluciones y reembolsos - Amoreza by SKS<\/title>\n<meta name=\"robots\" content=\"index, follow, max-snippet:-1, max-image-preview:large, max-video-preview:-1\" \/>\n<link rel=\"canonical\" href=\"https:\/\/amorezabysks.com\/es\/politica-de-devoluciones-y-reembolsos\/\" \/>\n<meta property=\"og:locale\" content=\"es_ES\" \/>\n<meta property=\"og:type\" content=\"article\" \/>\n<meta property=\"og:title\" content=\"Pol\u00edtica de devoluciones y reembolsos\" \/>\n<meta property=\"og:description\" content=\"Env\u00edos y devoluciones Esta Pol\u00edtica de devoluciones y reembolsos se aplica a todas las compras que realice en Amoreza by SKS y en nuestro sitio web\u00a0www.amorezabysks.com (nuestro &#8220;sitio web&#8221;) operado [&hellip;]\" \/>\n<meta property=\"og:url\" content=\"https:\/\/amorezabysks.com\/es\/politica-de-devoluciones-y-reembolsos\/\" \/>\n<meta property=\"og:site_name\" content=\"Amoreza by SKS\" \/>\n<meta property=\"article:modified_time\" content=\"2023-08-24T20:09:29+00:00\" \/>\n<meta property=\"og:image\" content=\"https:\/\/amorezabysks.com\/wp-content\/uploads\/2023\/04\/happy-valentines-day-background-2.svg\" \/>\n<meta name=\"twitter:card\" content=\"summary_large_image\" \/>\n<meta name=\"twitter:label1\" content=\"Tiempo de lectura\" \/>\n\t<meta name=\"twitter:data1\" content=\"4 minutos\" \/>\n<script type=\"application\/ld+json\" class=\"yoast-schema-graph\">{\"@context\":\"https:\\\/\\\/schema.org\",\"@graph\":[{\"@type\":\"WebPage\",\"@id\":\"https:\\\/\\\/amorezabysks.com\\\/es\\\/politica-de-devoluciones-y-reembolsos\\\/\",\"url\":\"https:\\\/\\\/amorezabysks.com\\\/es\\\/politica-de-devoluciones-y-reembolsos\\\/\",\"name\":\"Pol\u00edtica de devoluciones y reembolsos - Amoreza by SKS\",\"isPartOf\":{\"@id\":\"https:\\\/\\\/amorezabysks.com\\\/es\\\/#website\"},\"primaryImageOfPage\":{\"@id\":\"https:\\\/\\\/amorezabysks.com\\\/es\\\/politica-de-devoluciones-y-reembolsos\\\/#primaryimage\"},\"image\":{\"@id\":\"https:\\\/\\\/amorezabysks.com\\\/es\\\/politica-de-devoluciones-y-reembolsos\\\/#primaryimage\"},\"thumbnailUrl\":\"https:\\\/\\\/amorezabysks.com\\\/wp-content\\\/uploads\\\/2023\\\/04\\\/happy-valentines-day-background-2.svg\",\"datePublished\":\"2023-02-11T12:56:36+00:00\",\"dateModified\":\"2023-08-24T20:09:29+00:00\",\"breadcrumb\":{\"@id\":\"https:\\\/\\\/amorezabysks.com\\\/es\\\/politica-de-devoluciones-y-reembolsos\\\/#breadcrumb\"},\"inLanguage\":\"es\",\"potentialAction\":[{\"@type\":\"ReadAction\",\"target\":[\"https:\\\/\\\/amorezabysks.com\\\/es\\\/politica-de-devoluciones-y-reembolsos\\\/\"]}]},{\"@type\":\"ImageObject\",\"inLanguage\":\"es\",\"@id\":\"https:\\\/\\\/amorezabysks.com\\\/es\\\/politica-de-devoluciones-y-reembolsos\\\/#primaryimage\",\"url\":\"https:\\\/\\\/amorezabysks.com\\\/wp-content\\\/uploads\\\/2023\\\/04\\\/happy-valentines-day-background-2.svg\",\"contentUrl\":\"https:\\\/\\\/amorezabysks.com\\\/wp-content\\\/uploads\\\/2023\\\/04\\\/happy-valentines-day-background-2.svg\"},{\"@type\":\"BreadcrumbList\",\"@id\":\"https:\\\/\\\/amorezabysks.com\\\/es\\\/politica-de-devoluciones-y-reembolsos\\\/#breadcrumb\",\"itemListElement\":[{\"@type\":\"ListItem\",\"position\":1,\"name\":\"Home\",\"item\":\"https:\\\/\\\/amorezabysks.com\\\/es\\\/inicio\\\/\"},{\"@type\":\"ListItem\",\"position\":2,\"name\":\"Pol\u00edtica de devoluciones y reembolsos\"}]},{\"@type\":\"WebSite\",\"@id\":\"https:\\\/\\\/amorezabysks.com\\\/es\\\/#website\",\"url\":\"https:\\\/\\\/amorezabysks.com\\\/es\\\/\",\"name\":\"Amoreza by SKS\",\"description\":\"\",\"publisher\":{\"@id\":\"https:\\\/\\\/amorezabysks.com\\\/es\\\/#organization\"},\"potentialAction\":[{\"@type\":\"SearchAction\",\"target\":{\"@type\":\"EntryPoint\",\"urlTemplate\":\"https:\\\/\\\/amorezabysks.com\\\/es\\\/?s={search_term_string}\"},\"query-input\":{\"@type\":\"PropertyValueSpecification\",\"valueRequired\":true,\"valueName\":\"search_term_string\"}}],\"inLanguage\":\"es\"},{\"@type\":\"Organization\",\"@id\":\"https:\\\/\\\/amorezabysks.com\\\/es\\\/#organization\",\"name\":\"Amoreza by SKS\",\"url\":\"https:\\\/\\\/amorezabysks.com\\\/es\\\/\",\"logo\":{\"@type\":\"ImageObject\",\"inLanguage\":\"es\",\"@id\":\"https:\\\/\\\/amorezabysks.com\\\/es\\\/#\\\/schema\\\/logo\\\/image\\\/\",\"url\":\"https:\\\/\\\/i0.wp.com\\\/amorezabysks.com\\\/wp-content\\\/uploads\\\/2023\\\/04\\\/Logo-Transparent-Background-scaled.webp?fit=2560%2C1463&ssl=1\",\"contentUrl\":\"https:\\\/\\\/i0.wp.com\\\/amorezabysks.com\\\/wp-content\\\/uploads\\\/2023\\\/04\\\/Logo-Transparent-Background-scaled.webp?fit=2560%2C1463&ssl=1\",\"width\":2560,\"height\":1463,\"caption\":\"Amoreza by SKS\"},\"image\":{\"@id\":\"https:\\\/\\\/amorezabysks.com\\\/es\\\/#\\\/schema\\\/logo\\\/image\\\/\"}}]}<\/script>\n<!-- \/ Yoast SEO Premium plugin. -->","yoast_head_json":{"title":"Pol\u00edtica de devoluciones y reembolsos - Amoreza by SKS","robots":{"index":"index","follow":"follow","max-snippet":"max-snippet:-1","max-image-preview":"max-image-preview:large","max-video-preview":"max-video-preview:-1"},"canonical":"https:\/\/amorezabysks.com\/es\/politica-de-devoluciones-y-reembolsos\/","og_locale":"es_ES","og_type":"article","og_title":"Pol\u00edtica de devoluciones y reembolsos","og_description":"Env\u00edos y devoluciones Esta Pol\u00edtica de devoluciones y reembolsos se aplica a todas las compras que realice en Amoreza by SKS y en nuestro sitio web\u00a0www.amorezabysks.com (nuestro &#8220;sitio web&#8221;) operado [&hellip;]","og_url":"https:\/\/amorezabysks.com\/es\/politica-de-devoluciones-y-reembolsos\/","og_site_name":"Amoreza by SKS","article_modified_time":"2023-08-24T20:09:29+00:00","og_image":[{"url":"https:\/\/amorezabysks.com\/wp-content\/uploads\/2023\/04\/happy-valentines-day-background-2.svg","type":"","width":"","height":""}],"twitter_card":"summary_large_image","twitter_misc":{"Tiempo de lectura":"4 minutos"},"schema":{"@context":"https:\/\/schema.org","@graph":[{"@type":"WebPage","@id":"https:\/\/amorezabysks.com\/es\/politica-de-devoluciones-y-reembolsos\/","url":"https:\/\/amorezabysks.com\/es\/politica-de-devoluciones-y-reembolsos\/","name":"Pol\u00edtica de devoluciones y reembolsos - Amoreza by SKS","isPartOf":{"@id":"https:\/\/amorezabysks.com\/es\/#website"},"primaryImageOfPage":{"@id":"https:\/\/amorezabysks.com\/es\/politica-de-devoluciones-y-reembolsos\/#primaryimage"},"image":{"@id":"https:\/\/amorezabysks.com\/es\/politica-de-devoluciones-y-reembolsos\/#primaryimage"},"thumbnailUrl":"https:\/\/amorezabysks.com\/wp-content\/uploads\/2023\/04\/happy-valentines-day-background-2.svg","datePublished":"2023-02-11T12:56:36+00:00","dateModified":"2023-08-24T20:09:29+00:00","breadcrumb":{"@id":"https:\/\/amorezabysks.com\/es\/politica-de-devoluciones-y-reembolsos\/#breadcrumb"},"inLanguage":"es","potentialAction":[{"@type":"ReadAction","target":["https:\/\/amorezabysks.com\/es\/politica-de-devoluciones-y-reembolsos\/"]}]},{"@type":"ImageObject","inLanguage":"es","@id":"https:\/\/amorezabysks.com\/es\/politica-de-devoluciones-y-reembolsos\/#primaryimage","url":"https:\/\/amorezabysks.com\/wp-content\/uploads\/2023\/04\/happy-valentines-day-background-2.svg","contentUrl":"https:\/\/amorezabysks.com\/wp-content\/uploads\/2023\/04\/happy-valentines-day-background-2.svg"},{"@type":"BreadcrumbList","@id":"https:\/\/amorezabysks.com\/es\/politica-de-devoluciones-y-reembolsos\/#breadcrumb","itemListElement":[{"@type":"ListItem","position":1,"name":"Home","item":"https:\/\/amorezabysks.com\/es\/inicio\/"},{"@type":"ListItem","position":2,"name":"Pol\u00edtica de devoluciones y reembolsos"}]},{"@type":"WebSite","@id":"https:\/\/amorezabysks.com\/es\/#website","url":"https:\/\/amorezabysks.com\/es\/","name":"Amoreza by SKS","description":"","publisher":{"@id":"https:\/\/amorezabysks.com\/es\/#organization"},"potentialAction":[{"@type":"SearchAction","target":{"@type":"EntryPoint","urlTemplate":"https:\/\/amorezabysks.com\/es\/?s={search_term_string}"},"query-input":{"@type":"PropertyValueSpecification","valueRequired":true,"valueName":"search_term_string"}}],"inLanguage":"es"},{"@type":"Organization","@id":"https:\/\/amorezabysks.com\/es\/#organization","name":"Amoreza by SKS","url":"https:\/\/amorezabysks.com\/es\/","logo":{"@type":"ImageObject","inLanguage":"es","@id":"https:\/\/amorezabysks.com\/es\/#\/schema\/logo\/image\/","url":"https:\/\/i0.wp.com\/amorezabysks.com\/wp-content\/uploads\/2023\/04\/Logo-Transparent-Background-scaled.webp?fit=2560%2C1463&ssl=1","contentUrl":"https:\/\/i0.wp.com\/amorezabysks.com\/wp-content\/uploads\/2023\/04\/Logo-Transparent-Background-scaled.webp?fit=2560%2C1463&ssl=1","width":2560,"height":1463,"caption":"Amoreza by SKS"},"image":{"@id":"https:\/\/amorezabysks.com\/es\/#\/schema\/logo\/image\/"}}]}},"jetpack_sharing_enabled":true,"_links":{"self":[{"href":"https:\/\/amorezabysks.com\/es\/wp-json\/wp\/v2\/pages\/103051","targetHints":{"allow":["GET"]}}],"collection":[{"href":"https:\/\/amorezabysks.com\/es\/wp-json\/wp\/v2\/pages"}],"about":[{"href":"https:\/\/amorezabysks.com\/es\/wp-json\/wp\/v2\/types\/page"}],"author":[{"embeddable":true,"href":"https:\/\/amorezabysks.com\/es\/wp-json\/wp\/v2\/users\/1"}],"replies":[{"embeddable":true,"href":"https:\/\/amorezabysks.com\/es\/wp-json\/wp\/v2\/comments?post=103051"}],"version-history":[{"count":1,"href":"https:\/\/amorezabysks.com\/es\/wp-json\/wp\/v2\/pages\/103051\/revisions"}],"predecessor-version":[{"id":103056,"href":"https:\/\/amorezabysks.com\/es\/wp-json\/wp\/v2\/pages\/103051\/revisions\/103056"}],"wp:attachment":[{"href":"https:\/\/amorezabysks.com\/es\/wp-json\/wp\/v2\/media?parent=103051"}],"curies":[{"name":"wp","href":"https:\/\/api.w.org\/{rel}","templated":true}]}}