{"id":103062,"date":"2023-02-11T12:56:36","date_gmt":"2023-02-11T12:56:36","guid":{"rendered":"https:\/\/amorezabysks.com\/politique-de-retour-et-de-remboursement\/"},"modified":"2023-08-24T20:09:30","modified_gmt":"2023-08-24T20:09:30","slug":"politique-de-retour-et-de-remboursement","status":"publish","type":"page","link":"https:\/\/amorezabysks.com\/fr\/politique-de-retour-et-de-remboursement\/","title":{"rendered":"Politique de retour et de remboursement"},"content":{"rendered":"<body>\t\t<div data-elementor-type=\"wp-page\" data-elementor-id=\"103062\" class=\"elementor elementor-103062\">\n\t\t\t\t\t\t<section class=\"elementor-section elementor-top-section elementor-element elementor-element-d46a15e elementor-section-boxed elementor-section-height-default elementor-section-height-default\" data-id=\"d46a15e\" data-element_type=\"section\">\n\t\t\t\t\t\t<div class=\"elementor-container elementor-column-gap-no\">\n\t\t\t\t\t<div class=\"elementor-column elementor-col-100 elementor-top-column elementor-element elementor-element-ae89e01\" data-id=\"ae89e01\" data-element_type=\"column\">\n\t\t\t<div class=\"elementor-widget-wrap elementor-element-populated\">\n\t\t\t\t\t\t<div class=\"elementor-element elementor-element-dff53f4 elementor-widget elementor-widget-heading\" data-id=\"dff53f4\" data-element_type=\"widget\" data-widget_type=\"heading.default\">\n\t\t\t\t<div class=\"elementor-widget-container\">\n\t\t\t\t\t<h2 class=\"elementor-heading-title elementor-size-default\">Exp\u00e9dition et retours<\/h2>\t\t\t\t<\/div>\n\t\t\t\t<\/div>\n\t\t\t\t\t<\/div>\n\t\t<\/div>\n\t\t\t\t\t<\/div>\n\t\t<\/section>\n\t\t\t\t<section class=\"elementor-section elementor-top-section elementor-element elementor-element-37953fa elementor-section-boxed elementor-section-height-default elementor-section-height-default\" data-id=\"37953fa\" data-element_type=\"section\">\n\t\t\t\t\t\t<div class=\"elementor-container elementor-column-gap-default\">\n\t\t\t\t\t<div class=\"elementor-column elementor-col-100 elementor-top-column elementor-element elementor-element-4666509\" data-id=\"4666509\" data-element_type=\"column\">\n\t\t\t<div class=\"elementor-widget-wrap elementor-element-populated\">\n\t\t\t\t\t\t<div class=\"elementor-element elementor-element-7a6c881 elementor-widget elementor-widget-image\" data-id=\"7a6c881\" data-element_type=\"widget\" data-widget_type=\"image.default\">\n\t\t\t\t<div class=\"elementor-widget-container\">\n\t\t\t\t\t\t\t\t\t\t\t\t\t\t\t<img loading=\"lazy\" decoding=\"async\" width=\"420\" height=\"180\" src=\"https:\/\/amorezabysks.com\/wp-content\/uploads\/2023\/04\/happy-valentines-day-background-2.svg\" class=\"attachment-large size-large wp-image-101225\" alt=\"\" loading=\"lazy\">\t\t\t\t\t\t\t\t\t\t\t\t\t\t\t<\/div>\n\t\t\t\t<\/div>\n\t\t\t\t\t<\/div>\n\t\t<\/div>\n\t\t\t\t\t<\/div>\n\t\t<\/section>\n\t\t\t\t<section class=\"elementor-section elementor-top-section elementor-element elementor-element-10b106d0 elementor-section-boxed elementor-section-height-default elementor-section-height-default\" data-id=\"10b106d0\" data-element_type=\"section\">\n\t\t\t\t\t\t<div class=\"elementor-container elementor-column-gap-default\">\n\t\t\t\t\t<div class=\"elementor-column elementor-col-100 elementor-top-column elementor-element elementor-element-6ba3cc04\" data-id=\"6ba3cc04\" data-element_type=\"column\">\n\t\t\t<div class=\"elementor-widget-wrap elementor-element-populated\">\n\t\t\t\t\t\t<div class=\"elementor-element elementor-element-5e73109a elementor-widget elementor-widget-text-editor\" data-id=\"5e73109a\" data-element_type=\"widget\" data-widget_type=\"text-editor.default\">\n\t\t\t\t<div class=\"elementor-widget-container\">\n\t\t\t\t\t\t\t\t\t<p style=\"margin:0in;font-size:15px;font-family:\" times new roman>Cette politique de retour et de remboursement s\u2019applique \u00e0 tous les achats que vous effectuez aupr\u00e8s d\u2019Amoreza by SKS et de notre site web \u00e0 l\u2019adresse\u00a0<a href=\"http:\/\/www.amorezabysks.com\">www.amorezabysks.com<\/a> (notre \u201csite web\u201d) exploit\u00e9 par Amoreza by SKS, 7901 4th St. N STE 8014, St. Petersburg, FL 33702 (\u201cAmoreza by SKS\u201d, \u201cnous\u201d, \u201cnotre\u201d, ou \u201cnos\u201d).<\/p>\n<p style=\"margin:0in;font-size:15px;font-family:\" times new roman>\u00a0<\/p>\n<p style=\"margin:0in;font-size:15px;font-family:\" times new roman>En passant commande de l\u2019un de nos produits, vous d\u00e9clarez avoir lu cette politique et en accepter pleinement les termes. Si vous n\u2019\u00eates pas d\u2019accord avec les termes de cette politique ou si vous ne les acceptez pas pleinement, veuillez ne pas passer de commande aupr\u00e8s de nous.<\/p>\n<p style=\"margin:0in;font-size:15px;font-family:\" times new roman>\u00a0<\/p>\n<p style=\"margin:0in;font-size:15px;font-family:\" times new roman>Si vous avez des questions concernant cette politique, veuillez nous contacter en utilisant notre<a href=\"https:\/\/amorezabysks.com\/fr\/contact\/\">formulaire de contact<\/a>\u00a0<a href=\"https:\/\/amorezabysks.com\/fr\/contact\/\"> ou en nous envoyant un courrier \u00e9lectronique \u00e0 l\u2019adresse\u00a0<\/a><a href=\"mailto:amorezabysks@gmail.com\">amorezabysks@gmail.com<\/a>.\u00a0<\/p>\n<p style=\"margin:0in;font-size:15px;font-family:\" times new roman>\u00a0<\/p>\n<p style=\"margin:0in;font-size:15px;font-family:\" times new roman><strong>\u00c0 propos des retours<\/strong><\/p>\n<p style=\"margin:0in;font-size:15px;font-family:\" times new roman>Avant de demander ou d\u2019organiser un retour, veuillez lire attentivement les informations suivantes.<\/p>\n<p style=\"margin:0in;font-size:15px;font-family:\" times new roman>\u00a0<\/p>\n<p style=\"margin:0in;font-size:15px;font-family:\" times new roman>Vous pouvez retourner les produits livr\u00e9s que vous avez achet\u00e9s pour quelque raison que ce soit dans les 14 jours ouvrables suivant la livraison. Pour ce faire, vous devez nous en informer par \u00e9crit, par courrier \u00e9lectronique ou postal, dans les cinq jours ouvrables suivant la livraison. Si vous retournez un produit pour une raison autre que des produits endommag\u00e9s, vous devez nous payer les frais de retour du ou des produits.\u00a0<\/p>\n<p style=\"margin:0in;font-size:15px;font-family:\" times new roman>\u00a0<\/p>\n<p style=\"margin:0in;font-size:15px;font-family:\" times new roman><strong>Quand nous n\u2019acceptons pas les retours<\/strong><\/p>\n<p style=\"margin:0in;font-size:15px;font-family:\" times new roman>Nous n\u2019acceptons pas les retours si le(s) produit(s) :<\/p>\n<p style=\"margin:0in;font-size:15px;font-family:\" times new roman>\u00a0<\/p>\n<ul style=\"list-style-type: disc;margin-left:0in;\">\n    <li>a \u00e9t\u00e9 ouvert,\u00a0<\/li>\n    <li>ont \u00e9t\u00e9 supprim\u00e9es,<\/li>\n    <li>endommag\u00e9,\u00a0<\/li>\n    <li>modifi\u00e9 ou\u00a0<\/li>\n    <li>adapt\u00e9 ou trait\u00e9 comme votre propri\u00e9t\u00e9.\u00a0<\/li>\n<\/ul>\n<p style=\"margin:0in;font-size:15px;font-family:\" times new roman>\u00a0<\/p>\n<p style=\"margin:0in;font-size:15px;font-family:\" times new roman>Vous devez conserver le(s) produit(s) que vous souhaitez nous renvoyer non ouvert(s) et en bon \u00e9tat pendant qu\u2019il(s) est (sont) en votre possession. Le(s) produit(s) doit(vent) \u00eatre retourn\u00e9(s) dans le m\u00eame \u00e9tat que celui dans lequel il(s) a(ont) \u00e9t\u00e9 livr\u00e9(s).<\/p>\n<p style=\"margin:0in;font-size:15px;font-family:\" times new roman>\u00a0<\/p>\n<p style=\"margin:0in;font-size:15px;font-family:\" times new roman><strong>Puis-je \u00e9changer mon (mes) produit(s) ?<\/strong><\/p>\n<p style=\"margin:0in;font-size:15px;font-family:\" times new roman>Pour l\u2019instant, nous n\u2019avons pas de service d\u2019\u00e9change. Si vous souhaitez un article dans une autre couleur ou une autre taille, la meilleure chose \u00e0 faire est de passer une nouvelle commande. Tout article peut \u00eatre retourn\u00e9 en suivant notre proc\u00e9dure de retour.<\/p>\n<p style=\"margin:0in;font-size:15px;font-family:\" times new roman>\u00a0<\/p>\n<p style=\"margin:0in;font-size:15px;font-family:\" times new roman><strong>Comment revenir<\/strong><\/p>\n<p style=\"margin:0in;font-size:15px;font-family:\" times new roman>Veillez \u00e0 ce que les produits retourn\u00e9s soient bien emball\u00e9s afin d\u2019\u00e9viter tout dommage ou perte de pi\u00e8ces pendant le transport. Les remboursements peuvent \u00eatre r\u00e9duits pour les produits retourn\u00e9s qui ne peuvent plus \u00eatre vendus comme neufs parce qu\u2019ils ont \u00e9t\u00e9 ouverts, endommag\u00e9s ou pr\u00e9sentent des signes d\u2019usure.\u00a0<\/p>\n<p style=\"margin:0in;font-size:15px;font-family:\" times new roman>\u00a0<\/p>\n<p style=\"margin:0in;font-size:15px;font-family:\" times new roman>Pour les produits retourn\u00e9s, il est conseill\u00e9 d\u2019utiliser un service d\u2019exp\u00e9dition avec suivi ou de souscrire \u00e0 une assurance d\u2019exp\u00e9dition. Nous ne pouvons pas garantir que nous recevrons le produit retourn\u00e9.<\/p>\n<p style=\"margin:0in;font-size:15px;font-family:\" times new roman>\u00a0<\/p>\n<p style=\"margin:0in;font-size:15px;font-family:\" times new roman><strong>Politique de retour<\/strong><\/p>\n<p style=\"margin:0in;font-size:15px;font-family:\" times new roman>Pour recevoir un remboursement complet, le produit doit \u00eatre :<\/p>\n<p style=\"margin:0in;font-size:15px;font-family:\" times new roman>\u00a0<\/p>\n<ul style=\"list-style-type: disc;margin-left:0in;\">\n    <li>dans son emballage d\u2019origine,<\/li>\n    <li>\u00eatre en \u00e9tat de revente,<\/li>\n    <li>\u00eatre complet et conforme \u00e0 l\u2019achat,<\/li>\n    <li>accompagn\u00e9s d\u2019une preuve d\u2019achat valide, et<\/li>\n    <li>doivent nous \u00eatre retourn\u00e9s dans les 14 jours ouvrables suivant l\u2019achat.<\/li>\n<\/ul>\n<p style=\"margin:0in;font-size:15px;font-family:\" times new roman>\u00a0<\/p>\n<p style=\"margin:0in;font-size:15px;font-family:\" times new roman><strong>\u00a0<\/strong><\/p>\n<p style=\"margin:0in;font-size:15px;font-family:\" times new roman><strong>Remboursements<\/strong><\/p>\n<p style=\"margin:0in;font-size:15px;font-family:\" times new roman>Les remboursements seront effectu\u00e9s dans un d\u00e9lai de 14 jours. Pour les conversions de devises, les remboursements seront effectu\u00e9s dans la devise dans laquelle vous avez pay\u00e9 la commande. Amoreza by SKS d\u00e9cline toute responsabilit\u00e9 en cas de perte ou de gain r\u00e9sultant de l\u2019\u00e9volution des taux de change entre le moment de la commande et celui du remboursement.<\/p>\n<p style=\"margin:0in;font-size:15px;font-family:\" times new roman>\u00a0<\/p>\n<p style=\"margin:0in;font-size:15px;font-family:\" times new roman><strong>Remboursements tardifs ou manquants<\/strong><\/p>\n<p style=\"margin:0in;font-size:15px;font-family:\" times new roman>Si vous n\u2019avez pas re\u00e7u de remboursement dans les 14 jours suivant la date \u00e0 laquelle nous vous avons inform\u00e9 que votre remboursement avait \u00e9t\u00e9 effectu\u00e9, veuillez v\u00e9rifier votre compte bancaire et contacter votre banque ou votre soci\u00e9t\u00e9 de carte de cr\u00e9dit. Si vous avez fait tout cela et que vous n\u2019avez toujours pas re\u00e7u votre remboursement, veuillez nous contacter.<\/p>\n<p style=\"margin:0in;font-size:15px;font-family:\" times new roman>\u00a0<\/p>\n<p style=\"margin:0in;font-size:15px;font-family:\" times new roman><strong>Changements\u00a0<\/strong><\/p>\n<p style=\"margin:0in;font-size:15px;font-family:\" times new roman>Nous pouvons mettre \u00e0 jour cette politique de temps \u00e0 autre. Consultez r\u00e9guli\u00e8rement ce site pour vous tenir au courant de la derni\u00e8re version.<\/p>\n<p style=\"margin:0in;font-size:15px;font-family:\" times new roman>\u00a0<\/p>\n<p style=\"margin:0in;font-size:15px;font-family:\" times new roman><strong>Qui puis-je contacter pour plus d\u2019informations ?<\/strong><\/p>\n<p style=\"margin-top:0in;margin-right:0in;margin-bottom:8.0pt;margin-left:0in;line-height:107%;font-size:15px;font-family:\" times new roman>Si vous souhaitez nous contacter au sujet de nos pratiques de retour et de remboursement pour quelque raison que ce soit, veuillez le faire en utilisant les coordonn\u00e9es fournies ci-dessus.<\/p>\n<p style=\"margin:0in;font-size:15px;font-family:\" times new roman><strong>Date d\u2019entr\u00e9e en vigueur<\/strong><\/p>\n<p style=\"margin-top:0in;margin-right:0in;margin-bottom:8.0pt;margin-left:0in;line-height:107%;font-size:15px;font-family:\" times new roman>Dimanche 23 avril 2023<\/p>\t\t\t\t\t\t\t\t<\/div>\n\t\t\t\t<\/div>\n\t\t\t\t\t<\/div>\n\t\t<\/div>\n\t\t\t\t\t<\/div>\n\t\t<\/section>\n\t\t\t\t<\/div>\n\t\t<\/body>","protected":false},"excerpt":{"rendered":"<p>Exp\u00e9dition et retours Cette politique de retour et de remboursement s&#8217;applique \u00e0 tous les achats que vous effectuez aupr\u00e8s d&#8217;Amoreza by SKS et de notre site web \u00e0 l&#8217;adresse\u00a0www.amorezabysks.com (notre [&hellip;]<\/p>\n","protected":false},"author":1,"featured_media":0,"parent":0,"menu_order":0,"comment_status":"closed","ping_status":"closed","template":"","meta":{"nf_dc_page":"","om_disable_all_campaigns":false,"_monsterinsights_skip_tracking":false,"_monsterinsights_sitenote_active":false,"_monsterinsights_sitenote_note":"","_monsterinsights_sitenote_category":0,"_uf_show_specific_survey":0,"_uf_disable_surveys":false,"footnotes":""},"class_list":["post-103062","page","type-page","status-publish","hentry"],"yoast_head":"<!-- This site is optimized with the Yoast SEO Premium plugin v21.1 (Yoast SEO v27.3) - https:\/\/yoast.com\/product\/yoast-seo-premium-wordpress\/ -->\n<title>Politique de retour et de remboursement - Amoreza by SKS<\/title>\n<meta name=\"robots\" content=\"index, follow, max-snippet:-1, max-image-preview:large, max-video-preview:-1\" \/>\n<link rel=\"canonical\" href=\"https:\/\/amorezabysks.com\/fr\/politique-de-retour-et-de-remboursement\/\" \/>\n<meta property=\"og:locale\" content=\"fr_FR\" \/>\n<meta property=\"og:type\" content=\"article\" \/>\n<meta property=\"og:title\" content=\"Politique de retour et de remboursement\" \/>\n<meta property=\"og:description\" content=\"Exp\u00e9dition et retours Cette politique de retour et de remboursement s&#8217;applique \u00e0 tous les achats que vous effectuez aupr\u00e8s d&#8217;Amoreza by SKS et de notre site web \u00e0 l&#8217;adresse\u00a0www.amorezabysks.com (notre [&hellip;]\" \/>\n<meta property=\"og:url\" content=\"https:\/\/amorezabysks.com\/fr\/politique-de-retour-et-de-remboursement\/\" \/>\n<meta property=\"og:site_name\" content=\"Amoreza by SKS\" \/>\n<meta property=\"article:modified_time\" content=\"2023-08-24T20:09:30+00:00\" \/>\n<meta property=\"og:image\" content=\"https:\/\/amorezabysks.com\/wp-content\/uploads\/2023\/04\/happy-valentines-day-background-2.svg\" \/>\n<meta name=\"twitter:card\" content=\"summary_large_image\" \/>\n<meta name=\"twitter:label1\" content=\"Dur\u00e9e de lecture estim\u00e9e\" \/>\n\t<meta name=\"twitter:data1\" content=\"4 minutes\" \/>\n<script type=\"application\/ld+json\" class=\"yoast-schema-graph\">{\"@context\":\"https:\\\/\\\/schema.org\",\"@graph\":[{\"@type\":\"WebPage\",\"@id\":\"https:\\\/\\\/amorezabysks.com\\\/fr\\\/politique-de-retour-et-de-remboursement\\\/\",\"url\":\"https:\\\/\\\/amorezabysks.com\\\/fr\\\/politique-de-retour-et-de-remboursement\\\/\",\"name\":\"Politique de retour et de remboursement - Amoreza by SKS\",\"isPartOf\":{\"@id\":\"https:\\\/\\\/amorezabysks.com\\\/fr\\\/#website\"},\"primaryImageOfPage\":{\"@id\":\"https:\\\/\\\/amorezabysks.com\\\/fr\\\/politique-de-retour-et-de-remboursement\\\/#primaryimage\"},\"image\":{\"@id\":\"https:\\\/\\\/amorezabysks.com\\\/fr\\\/politique-de-retour-et-de-remboursement\\\/#primaryimage\"},\"thumbnailUrl\":\"https:\\\/\\\/amorezabysks.com\\\/wp-content\\\/uploads\\\/2023\\\/04\\\/happy-valentines-day-background-2.svg\",\"datePublished\":\"2023-02-11T12:56:36+00:00\",\"dateModified\":\"2023-08-24T20:09:30+00:00\",\"breadcrumb\":{\"@id\":\"https:\\\/\\\/amorezabysks.com\\\/fr\\\/politique-de-retour-et-de-remboursement\\\/#breadcrumb\"},\"inLanguage\":\"fr-FR\",\"potentialAction\":[{\"@type\":\"ReadAction\",\"target\":[\"https:\\\/\\\/amorezabysks.com\\\/fr\\\/politique-de-retour-et-de-remboursement\\\/\"]}]},{\"@type\":\"ImageObject\",\"inLanguage\":\"fr-FR\",\"@id\":\"https:\\\/\\\/amorezabysks.com\\\/fr\\\/politique-de-retour-et-de-remboursement\\\/#primaryimage\",\"url\":\"https:\\\/\\\/amorezabysks.com\\\/wp-content\\\/uploads\\\/2023\\\/04\\\/happy-valentines-day-background-2.svg\",\"contentUrl\":\"https:\\\/\\\/amorezabysks.com\\\/wp-content\\\/uploads\\\/2023\\\/04\\\/happy-valentines-day-background-2.svg\"},{\"@type\":\"BreadcrumbList\",\"@id\":\"https:\\\/\\\/amorezabysks.com\\\/fr\\\/politique-de-retour-et-de-remboursement\\\/#breadcrumb\",\"itemListElement\":[{\"@type\":\"ListItem\",\"position\":1,\"name\":\"Home\",\"item\":\"https:\\\/\\\/amorezabysks.com\\\/fr\\\/accueil\\\/\"},{\"@type\":\"ListItem\",\"position\":2,\"name\":\"Politique de retour et de remboursement\"}]},{\"@type\":\"WebSite\",\"@id\":\"https:\\\/\\\/amorezabysks.com\\\/fr\\\/#website\",\"url\":\"https:\\\/\\\/amorezabysks.com\\\/fr\\\/\",\"name\":\"Amoreza by SKS\",\"description\":\"\",\"publisher\":{\"@id\":\"https:\\\/\\\/amorezabysks.com\\\/fr\\\/#organization\"},\"potentialAction\":[{\"@type\":\"SearchAction\",\"target\":{\"@type\":\"EntryPoint\",\"urlTemplate\":\"https:\\\/\\\/amorezabysks.com\\\/fr\\\/?s={search_term_string}\"},\"query-input\":{\"@type\":\"PropertyValueSpecification\",\"valueRequired\":true,\"valueName\":\"search_term_string\"}}],\"inLanguage\":\"fr-FR\"},{\"@type\":\"Organization\",\"@id\":\"https:\\\/\\\/amorezabysks.com\\\/fr\\\/#organization\",\"name\":\"Amoreza by SKS\",\"url\":\"https:\\\/\\\/amorezabysks.com\\\/fr\\\/\",\"logo\":{\"@type\":\"ImageObject\",\"inLanguage\":\"fr-FR\",\"@id\":\"https:\\\/\\\/amorezabysks.com\\\/fr\\\/#\\\/schema\\\/logo\\\/image\\\/\",\"url\":\"https:\\\/\\\/i0.wp.com\\\/amorezabysks.com\\\/wp-content\\\/uploads\\\/2023\\\/04\\\/Logo-Transparent-Background-scaled.webp?fit=2560%2C1463&ssl=1\",\"contentUrl\":\"https:\\\/\\\/i0.wp.com\\\/amorezabysks.com\\\/wp-content\\\/uploads\\\/2023\\\/04\\\/Logo-Transparent-Background-scaled.webp?fit=2560%2C1463&ssl=1\",\"width\":2560,\"height\":1463,\"caption\":\"Amoreza by SKS\"},\"image\":{\"@id\":\"https:\\\/\\\/amorezabysks.com\\\/fr\\\/#\\\/schema\\\/logo\\\/image\\\/\"}}]}<\/script>\n<!-- \/ Yoast SEO Premium plugin. -->","yoast_head_json":{"title":"Politique de retour et de remboursement - Amoreza by SKS","robots":{"index":"index","follow":"follow","max-snippet":"max-snippet:-1","max-image-preview":"max-image-preview:large","max-video-preview":"max-video-preview:-1"},"canonical":"https:\/\/amorezabysks.com\/fr\/politique-de-retour-et-de-remboursement\/","og_locale":"fr_FR","og_type":"article","og_title":"Politique de retour et de remboursement","og_description":"Exp\u00e9dition et retours Cette politique de retour et de remboursement s&#8217;applique \u00e0 tous les achats que vous effectuez aupr\u00e8s d&#8217;Amoreza by SKS et de notre site web \u00e0 l&#8217;adresse\u00a0www.amorezabysks.com (notre [&hellip;]","og_url":"https:\/\/amorezabysks.com\/fr\/politique-de-retour-et-de-remboursement\/","og_site_name":"Amoreza by SKS","article_modified_time":"2023-08-24T20:09:30+00:00","og_image":[{"url":"https:\/\/amorezabysks.com\/wp-content\/uploads\/2023\/04\/happy-valentines-day-background-2.svg","type":"","width":"","height":""}],"twitter_card":"summary_large_image","twitter_misc":{"Dur\u00e9e de lecture estim\u00e9e":"4 minutes"},"schema":{"@context":"https:\/\/schema.org","@graph":[{"@type":"WebPage","@id":"https:\/\/amorezabysks.com\/fr\/politique-de-retour-et-de-remboursement\/","url":"https:\/\/amorezabysks.com\/fr\/politique-de-retour-et-de-remboursement\/","name":"Politique de retour et de remboursement - Amoreza by SKS","isPartOf":{"@id":"https:\/\/amorezabysks.com\/fr\/#website"},"primaryImageOfPage":{"@id":"https:\/\/amorezabysks.com\/fr\/politique-de-retour-et-de-remboursement\/#primaryimage"},"image":{"@id":"https:\/\/amorezabysks.com\/fr\/politique-de-retour-et-de-remboursement\/#primaryimage"},"thumbnailUrl":"https:\/\/amorezabysks.com\/wp-content\/uploads\/2023\/04\/happy-valentines-day-background-2.svg","datePublished":"2023-02-11T12:56:36+00:00","dateModified":"2023-08-24T20:09:30+00:00","breadcrumb":{"@id":"https:\/\/amorezabysks.com\/fr\/politique-de-retour-et-de-remboursement\/#breadcrumb"},"inLanguage":"fr-FR","potentialAction":[{"@type":"ReadAction","target":["https:\/\/amorezabysks.com\/fr\/politique-de-retour-et-de-remboursement\/"]}]},{"@type":"ImageObject","inLanguage":"fr-FR","@id":"https:\/\/amorezabysks.com\/fr\/politique-de-retour-et-de-remboursement\/#primaryimage","url":"https:\/\/amorezabysks.com\/wp-content\/uploads\/2023\/04\/happy-valentines-day-background-2.svg","contentUrl":"https:\/\/amorezabysks.com\/wp-content\/uploads\/2023\/04\/happy-valentines-day-background-2.svg"},{"@type":"BreadcrumbList","@id":"https:\/\/amorezabysks.com\/fr\/politique-de-retour-et-de-remboursement\/#breadcrumb","itemListElement":[{"@type":"ListItem","position":1,"name":"Home","item":"https:\/\/amorezabysks.com\/fr\/accueil\/"},{"@type":"ListItem","position":2,"name":"Politique de retour et de remboursement"}]},{"@type":"WebSite","@id":"https:\/\/amorezabysks.com\/fr\/#website","url":"https:\/\/amorezabysks.com\/fr\/","name":"Amoreza by SKS","description":"","publisher":{"@id":"https:\/\/amorezabysks.com\/fr\/#organization"},"potentialAction":[{"@type":"SearchAction","target":{"@type":"EntryPoint","urlTemplate":"https:\/\/amorezabysks.com\/fr\/?s={search_term_string}"},"query-input":{"@type":"PropertyValueSpecification","valueRequired":true,"valueName":"search_term_string"}}],"inLanguage":"fr-FR"},{"@type":"Organization","@id":"https:\/\/amorezabysks.com\/fr\/#organization","name":"Amoreza by SKS","url":"https:\/\/amorezabysks.com\/fr\/","logo":{"@type":"ImageObject","inLanguage":"fr-FR","@id":"https:\/\/amorezabysks.com\/fr\/#\/schema\/logo\/image\/","url":"https:\/\/i0.wp.com\/amorezabysks.com\/wp-content\/uploads\/2023\/04\/Logo-Transparent-Background-scaled.webp?fit=2560%2C1463&ssl=1","contentUrl":"https:\/\/i0.wp.com\/amorezabysks.com\/wp-content\/uploads\/2023\/04\/Logo-Transparent-Background-scaled.webp?fit=2560%2C1463&ssl=1","width":2560,"height":1463,"caption":"Amoreza by SKS"},"image":{"@id":"https:\/\/amorezabysks.com\/fr\/#\/schema\/logo\/image\/"}}]}},"jetpack_sharing_enabled":true,"_links":{"self":[{"href":"https:\/\/amorezabysks.com\/fr\/wp-json\/wp\/v2\/pages\/103062","targetHints":{"allow":["GET"]}}],"collection":[{"href":"https:\/\/amorezabysks.com\/fr\/wp-json\/wp\/v2\/pages"}],"about":[{"href":"https:\/\/amorezabysks.com\/fr\/wp-json\/wp\/v2\/types\/page"}],"author":[{"embeddable":true,"href":"https:\/\/amorezabysks.com\/fr\/wp-json\/wp\/v2\/users\/1"}],"replies":[{"embeddable":true,"href":"https:\/\/amorezabysks.com\/fr\/wp-json\/wp\/v2\/comments?post=103062"}],"version-history":[{"count":1,"href":"https:\/\/amorezabysks.com\/fr\/wp-json\/wp\/v2\/pages\/103062\/revisions"}],"predecessor-version":[{"id":103069,"href":"https:\/\/amorezabysks.com\/fr\/wp-json\/wp\/v2\/pages\/103062\/revisions\/103069"}],"wp:attachment":[{"href":"https:\/\/amorezabysks.com\/fr\/wp-json\/wp\/v2\/media?parent=103062"}],"curies":[{"name":"wp","href":"https:\/\/api.w.org\/{rel}","templated":true}]}}